{"id":28,"date":"2023-10-26T14:44:05","date_gmt":"2023-10-26T14:44:05","guid":{"rendered":"https:\/\/tecnovalue.pt\/?page_id=28"},"modified":"2024-05-13T08:44:54","modified_gmt":"2024-05-13T08:44:54","slug":"contactos","status":"publish","type":"page","link":"https:\/\/tecnovalue.pt\/de\/contactos\/","title":{"rendered":"Kontakte"},"content":{"rendered":"<p>Na Tecnovalue garantimos o sucesso de todos os seus sonhos, acompanhamos o seu projeto desde a Constru\u00e7\u00e3o de Casas \u00e0 Fiscaliza\u00e7\u00e3o de Obras<\/p>","protected":false},"excerpt":{"rendered":"<p>Na Tecnovalue garantimos o sucesso de todos os seus sonhos, acompanhamos o seu projeto desde a Constru\u00e7\u00e3o de Casas \u00e0 Fiscaliza\u00e7\u00e3o de Obras<\/p>","protected":false},"author":1,"featured_media":63,"parent":0,"menu_order":0,"comment_status":"closed","ping_status":"closed","template":"template-contactos.php","meta":{"_acf_changed":false,"footnotes":""},"class_list":["post-28","page","type-page","status-publish","has-post-thumbnail","hentry"],"acf":[],"yoast_head":"<!-- This site is optimized with the Yoast SEO plugin v22.7 - https:\/\/yoast.com\/wordpress\/plugins\/seo\/ -->\n<title>Constru\u00e7\u00e3o de Casas e Fiscaliza\u00e7\u00e3o de Obras nos A\u00e7ores<\/title>\n<meta name=\"description\" content=\"Na Tecnovalue garantimos o sucesso de todos os seus sonhos, acompanhamos o seu projeto desde a Constru\u00e7\u00e3o de Casas \u00e0 Fiscaliza\u00e7\u00e3o de Obras\" \/>\n<meta name=\"robots\" content=\"index, follow, max-snippet:-1, max-image-preview:large, max-video-preview:-1\" \/>\n<link rel=\"canonical\" href=\"https:\/\/tecnovalue.pt\/de\/contactos\/\" \/>\n<meta property=\"og:locale\" content=\"de_DE\" \/>\n<meta property=\"og:type\" content=\"article\" \/>\n<meta property=\"og:title\" content=\"Constru\u00e7\u00e3o de Casas e Fiscaliza\u00e7\u00e3o de Obras nos A\u00e7ores\" \/>\n<meta property=\"og:description\" content=\"Na Tecnovalue garantimos o sucesso de todos os seus sonhos, acompanhamos o seu projeto desde a Constru\u00e7\u00e3o de Casas \u00e0 Fiscaliza\u00e7\u00e3o de Obras\" \/>\n<meta property=\"og:url\" content=\"https:\/\/tecnovalue.pt\/de\/contactos\/\" \/>\n<meta property=\"og:site_name\" content=\"Tecnovalue\" \/>\n<meta property=\"article:publisher\" content=\"https:\/\/www.facebook.com\/TECNOVALUE.ENGENHARIA\" \/>\n<meta property=\"article:modified_time\" content=\"2024-05-13T08:44:54+00:00\" \/>\n<meta property=\"og:image\" content=\"https:\/\/tecnovalue.pt\/wp-content\/uploads\/2023\/10\/dsc07050-scaled-1.webp\" \/>\n\t<meta property=\"og:image:width\" content=\"2560\" \/>\n\t<meta property=\"og:image:height\" content=\"1707\" \/>\n\t<meta property=\"og:image:type\" content=\"image\/webp\" \/>\n<meta name=\"twitter:card\" content=\"summary_large_image\" \/>\n<meta name=\"twitter:label1\" content=\"Gesch\u00e4tzte Lesezeit\" \/>\n\t<meta name=\"twitter:data1\" content=\"1\u00a0Minute\" \/>\n<script type=\"application\/ld+json\" class=\"yoast-schema-graph\">{\"@context\":\"https:\/\/schema.org\",\"@graph\":[{\"@type\":\"WebPage\",\"@id\":\"https:\/\/tecnovalue.pt\/contactos\/\",\"url\":\"https:\/\/tecnovalue.pt\/contactos\/\",\"name\":\"Constru\u00e7\u00e3o de Casas e Fiscaliza\u00e7\u00e3o de Obras nos A\u00e7ores\",\"isPartOf\":{\"@id\":\"https:\/\/tecnovalue.pt\/#website\"},\"primaryImageOfPage\":{\"@id\":\"https:\/\/tecnovalue.pt\/contactos\/#primaryimage\"},\"image\":{\"@id\":\"https:\/\/tecnovalue.pt\/contactos\/#primaryimage\"},\"thumbnailUrl\":\"https:\/\/tecnovalue.pt\/wp-content\/uploads\/2023\/10\/dsc07050-scaled-1.webp\",\"datePublished\":\"2023-10-26T14:44:05+00:00\",\"dateModified\":\"2024-05-13T08:44:54+00:00\",\"description\":\"Na Tecnovalue garantimos o sucesso de todos os seus sonhos, acompanhamos o seu projeto desde a Constru\u00e7\u00e3o de Casas \u00e0 Fiscaliza\u00e7\u00e3o de Obras\",\"breadcrumb\":{\"@id\":\"https:\/\/tecnovalue.pt\/contactos\/#breadcrumb\"},\"inLanguage\":\"de\",\"potentialAction\":[{\"@type\":\"ReadAction\",\"target\":[\"https:\/\/tecnovalue.pt\/contactos\/\"]}]},{\"@type\":\"ImageObject\",\"inLanguage\":\"de\",\"@id\":\"https:\/\/tecnovalue.pt\/contactos\/#primaryimage\",\"url\":\"https:\/\/tecnovalue.pt\/wp-content\/uploads\/2023\/10\/dsc07050-scaled-1.webp\",\"contentUrl\":\"https:\/\/tecnovalue.pt\/wp-content\/uploads\/2023\/10\/dsc07050-scaled-1.webp\",\"width\":2560,\"height\":1707},{\"@type\":\"BreadcrumbList\",\"@id\":\"https:\/\/tecnovalue.pt\/contactos\/#breadcrumb\",\"itemListElement\":[{\"@type\":\"ListItem\",\"position\":1,\"name\":\"In\u00edcio\",\"item\":\"https:\/\/tecnovalue.pt\/\"},{\"@type\":\"ListItem\",\"position\":2,\"name\":\"Contactos\"}]},{\"@type\":\"WebSite\",\"@id\":\"https:\/\/tecnovalue.pt\/#website\",\"url\":\"https:\/\/tecnovalue.pt\/\",\"name\":\"Tecnovalue\",\"description\":\"Tecnovalue\",\"publisher\":{\"@id\":\"https:\/\/tecnovalue.pt\/#organization\"},\"potentialAction\":[{\"@type\":\"SearchAction\",\"target\":{\"@type\":\"EntryPoint\",\"urlTemplate\":\"https:\/\/tecnovalue.pt\/?s={search_term_string}\"},\"query-input\":\"required name=search_term_string\"}],\"inLanguage\":\"de\"},{\"@type\":\"Organization\",\"@id\":\"https:\/\/tecnovalue.pt\/#organization\",\"name\":\"Tecnovalue\",\"url\":\"https:\/\/tecnovalue.pt\/\",\"logo\":{\"@type\":\"ImageObject\",\"inLanguage\":\"de\",\"@id\":\"https:\/\/tecnovalue.pt\/#\/schema\/logo\/image\/\",\"url\":\"https:\/\/tecnovalue.pt\/wp-content\/uploads\/2023\/10\/tecnovalue.png\",\"contentUrl\":\"https:\/\/tecnovalue.pt\/wp-content\/uploads\/2023\/10\/tecnovalue.png\",\"width\":1280,\"height\":800,\"caption\":\"Tecnovalue\"},\"image\":{\"@id\":\"https:\/\/tecnovalue.pt\/#\/schema\/logo\/image\/\"},\"sameAs\":[\"https:\/\/www.facebook.com\/TECNOVALUE.ENGENHARIA\",\"https:\/\/www.instagram.com\/tecnovalue\/\",\"https:\/\/www.youtube.com\/channel\/UCynDihQgtLFyW44l1lYKgtQ\"]}]}<\/script>\n<!-- \/ Yoast SEO plugin. -->","yoast_head_json":{"title":"Constru\u00e7\u00e3o de Casas e Fiscaliza\u00e7\u00e3o de Obras nos A\u00e7ores","description":"Na Tecnovalue garantimos o sucesso de todos os seus sonhos, acompanhamos o seu projeto desde a Constru\u00e7\u00e3o de Casas \u00e0 Fiscaliza\u00e7\u00e3o de Obras","robots":{"index":"index","follow":"follow","max-snippet":"max-snippet:-1","max-image-preview":"max-image-preview:large","max-video-preview":"max-video-preview:-1"},"canonical":"https:\/\/tecnovalue.pt\/de\/contactos\/","og_locale":"de_DE","og_type":"article","og_title":"Constru\u00e7\u00e3o de Casas e Fiscaliza\u00e7\u00e3o de Obras nos A\u00e7ores","og_description":"Na Tecnovalue garantimos o sucesso de todos os seus sonhos, acompanhamos o seu projeto desde a Constru\u00e7\u00e3o de Casas \u00e0 Fiscaliza\u00e7\u00e3o de Obras","og_url":"https:\/\/tecnovalue.pt\/de\/contactos\/","og_site_name":"Tecnovalue","article_publisher":"https:\/\/www.facebook.com\/TECNOVALUE.ENGENHARIA","article_modified_time":"2024-05-13T08:44:54+00:00","og_image":[{"width":2560,"height":1707,"url":"https:\/\/tecnovalue.pt\/wp-content\/uploads\/2023\/10\/dsc07050-scaled-1.webp","type":"image\/webp"}],"twitter_card":"summary_large_image","twitter_misc":{"Gesch\u00e4tzte Lesezeit":"1\u00a0Minute"},"schema":{"@context":"https:\/\/schema.org","@graph":[{"@type":"WebPage","@id":"https:\/\/tecnovalue.pt\/contactos\/","url":"https:\/\/tecnovalue.pt\/contactos\/","name":"Constru\u00e7\u00e3o de Casas e Fiscaliza\u00e7\u00e3o de Obras nos A\u00e7ores","isPartOf":{"@id":"https:\/\/tecnovalue.pt\/#website"},"primaryImageOfPage":{"@id":"https:\/\/tecnovalue.pt\/contactos\/#primaryimage"},"image":{"@id":"https:\/\/tecnovalue.pt\/contactos\/#primaryimage"},"thumbnailUrl":"https:\/\/tecnovalue.pt\/wp-content\/uploads\/2023\/10\/dsc07050-scaled-1.webp","datePublished":"2023-10-26T14:44:05+00:00","dateModified":"2024-05-13T08:44:54+00:00","description":"Na Tecnovalue garantimos o sucesso de todos os seus sonhos, acompanhamos o seu projeto desde a Constru\u00e7\u00e3o de Casas \u00e0 Fiscaliza\u00e7\u00e3o de Obras","breadcrumb":{"@id":"https:\/\/tecnovalue.pt\/contactos\/#breadcrumb"},"inLanguage":"de","potentialAction":[{"@type":"ReadAction","target":["https:\/\/tecnovalue.pt\/contactos\/"]}]},{"@type":"ImageObject","inLanguage":"de","@id":"https:\/\/tecnovalue.pt\/contactos\/#primaryimage","url":"https:\/\/tecnovalue.pt\/wp-content\/uploads\/2023\/10\/dsc07050-scaled-1.webp","contentUrl":"https:\/\/tecnovalue.pt\/wp-content\/uploads\/2023\/10\/dsc07050-scaled-1.webp","width":2560,"height":1707},{"@type":"BreadcrumbList","@id":"https:\/\/tecnovalue.pt\/contactos\/#breadcrumb","itemListElement":[{"@type":"ListItem","position":1,"name":"In\u00edcio","item":"https:\/\/tecnovalue.pt\/"},{"@type":"ListItem","position":2,"name":"Contactos"}]},{"@type":"WebSite","@id":"https:\/\/tecnovalue.pt\/#website","url":"https:\/\/tecnovalue.pt\/","name":"Tecnovalue","description":"Tecnovalue","publisher":{"@id":"https:\/\/tecnovalue.pt\/#organization"},"potentialAction":[{"@type":"SearchAction","target":{"@type":"EntryPoint","urlTemplate":"https:\/\/tecnovalue.pt\/?s={search_term_string}"},"query-input":"required name=search_term_string"}],"inLanguage":"de"},{"@type":"Organization","@id":"https:\/\/tecnovalue.pt\/#organization","name":"Tecnovalue","url":"https:\/\/tecnovalue.pt\/","logo":{"@type":"ImageObject","inLanguage":"de","@id":"https:\/\/tecnovalue.pt\/#\/schema\/logo\/image\/","url":"https:\/\/tecnovalue.pt\/wp-content\/uploads\/2023\/10\/tecnovalue.png","contentUrl":"https:\/\/tecnovalue.pt\/wp-content\/uploads\/2023\/10\/tecnovalue.png","width":1280,"height":800,"caption":"Tecnovalue"},"image":{"@id":"https:\/\/tecnovalue.pt\/#\/schema\/logo\/image\/"},"sameAs":["https:\/\/www.facebook.com\/TECNOVALUE.ENGENHARIA","https:\/\/www.instagram.com\/tecnovalue\/","https:\/\/www.youtube.com\/channel\/UCynDihQgtLFyW44l1lYKgtQ"]}]}},"_links":{"self":[{"href":"https:\/\/tecnovalue.pt\/de\/wp-json\/wp\/v2\/pages\/28","targetHints":{"allow":["GET"]}}],"collection":[{"href":"https:\/\/tecnovalue.pt\/de\/wp-json\/wp\/v2\/pages"}],"about":[{"href":"https:\/\/tecnovalue.pt\/de\/wp-json\/wp\/v2\/types\/page"}],"author":[{"embeddable":true,"href":"https:\/\/tecnovalue.pt\/de\/wp-json\/wp\/v2\/users\/1"}],"replies":[{"embeddable":true,"href":"https:\/\/tecnovalue.pt\/de\/wp-json\/wp\/v2\/comments?post=28"}],"version-history":[{"count":2,"href":"https:\/\/tecnovalue.pt\/de\/wp-json\/wp\/v2\/pages\/28\/revisions"}],"predecessor-version":[{"id":297,"href":"https:\/\/tecnovalue.pt\/de\/wp-json\/wp\/v2\/pages\/28\/revisions\/297"}],"wp:featuredmedia":[{"embeddable":true,"href":"https:\/\/tecnovalue.pt\/de\/wp-json\/wp\/v2\/media\/63"}],"wp:attachment":[{"href":"https:\/\/tecnovalue.pt\/de\/wp-json\/wp\/v2\/media?parent=28"}],"curies":[{"name":"wp","href":"https:\/\/api.w.org\/{rel}","templated":true}]}}