{"id":34,"date":"2023-10-26T14:44:34","date_gmt":"2023-10-26T14:44:34","guid":{"rendered":"https:\/\/tecnovalue.pt\/?page_id=34"},"modified":"2024-05-13T08:47:04","modified_gmt":"2024-05-13T08:47:04","slug":"a-empresa","status":"publish","type":"page","link":"https:\/\/tecnovalue.pt\/de\/a-empresa\/","title":{"rendered":"Das Unternehmen"},"content":{"rendered":"<div class=\"elementor-element elementor-element-11273aa elementor-widget elementor-widget-text-editor\" data-id=\"11273aa\" data-element_type=\"widget\" data-widget_type=\"text-editor.default\">\n<p>A Tecnovalue \u00e9 uma empresa de Engenharia Civil que surgiu em 2015 com o objetivo de se tornar o melhor parceiro para o desenvolvimento e operacionaliza\u00e7\u00e3o do seu projeto imobili\u00e1rio no arquip\u00e9lago dos A\u00e7ores.<\/p>\n<\/div>\n<div class=\"elementor-element elementor-element-15a83f4 elementor-widget elementor-widget-text-editor\" data-id=\"15a83f4\" data-element_type=\"widget\" data-widget_type=\"text-editor.default\">\n<div class=\"elementor-widget-container\">\n<p>Para isso, trabalhamos de forma cont\u00ednua e coordenada para que possamos executar todas as fases do seu projeto, desde avalia\u00e7\u00e3o imobili\u00e1ria e an\u00e1lise do seu investimento, \u00e0 entrega da chave do produto final, com o maior rigor e profissionalismo poss\u00edveis.<\/p>\n<p>&nbsp;<\/p>\n<p>Fornecemos servi\u00e7os dentro de v\u00e1rias \u00e1reas, nomeadamente:<br \/>\n- Bewertung von Immobilien;<br \/>\n- Bewertung von Verm\u00f6genswerten;<br \/>\n- Spezialprojekte im Bereich Bauwesen und Architektur;<br \/>\n- Geb\u00e4udekonstruktion;<br \/>\n- Bauaufsicht;<br \/>\n- Technisches Fachwissen \u00fcber Geb\u00e4ude;<br \/>\n- Akustische Bewertungen;<br \/>\n- Topographische Vermessungen;<br \/>\n- Entwicklung und Betrieb von Ferienanlagen.<\/p>\n<p>Mit Tecnovalue k\u00f6nnen alle Ihre Projekte Wirklichkeit werden!<\/p>\n<\/div>\n<\/div>","protected":false},"excerpt":{"rendered":"<p>A Tecnovalue \u00e9 uma empresa de Engenharia Civil que surgiu em 2015 com o objetivo de se tornar o melhor parceiro para o desenvolvimento e operacionaliza\u00e7\u00e3o do seu projeto imobili\u00e1rio no arquip\u00e9lago dos A\u00e7ores. Para isso, trabalhamos de forma cont\u00ednua e coordenada para que possamos executar todas as fases do seu projeto, desde avalia\u00e7\u00e3o imobili\u00e1ria [&hellip;]<\/p>","protected":false},"author":1,"featured_media":62,"parent":0,"menu_order":0,"comment_status":"closed","ping_status":"closed","template":"template-empresa.php","meta":{"_acf_changed":false,"footnotes":""},"class_list":["post-34","page","type-page","status-publish","has-post-thumbnail","hentry"],"acf":[],"yoast_head":"<!-- This site is optimized with the Yoast SEO plugin v22.7 - https:\/\/yoast.com\/wordpress\/plugins\/seo\/ -->\n<title>Construir Casas \u00e9 o seu Sonho? Conhe\u00e7a a Tecnovalue! - A\u00e7ores<\/title>\n<meta name=\"description\" content=\"N\u00e3o perca o sonho de construir casas! Fale connosco e garanta j\u00e1 todos os seus projetos realidade com a Tecnovalue nos A\u00e7ores.\" \/>\n<meta name=\"robots\" content=\"index, follow, max-snippet:-1, max-image-preview:large, max-video-preview:-1\" \/>\n<link rel=\"canonical\" href=\"https:\/\/tecnovalue.pt\/de\/a-empresa\/\" \/>\n<meta property=\"og:locale\" content=\"de_DE\" \/>\n<meta property=\"og:type\" content=\"article\" \/>\n<meta property=\"og:title\" content=\"Construir Casas \u00e9 o seu Sonho? Conhe\u00e7a a Tecnovalue! - A\u00e7ores\" \/>\n<meta property=\"og:description\" content=\"N\u00e3o perca o sonho de construir casas! Fale connosco e garanta j\u00e1 todos os seus projetos realidade com a Tecnovalue nos A\u00e7ores.\" \/>\n<meta property=\"og:url\" content=\"https:\/\/tecnovalue.pt\/de\/a-empresa\/\" \/>\n<meta property=\"og:site_name\" content=\"Tecnovalue\" \/>\n<meta property=\"article:publisher\" content=\"https:\/\/www.facebook.com\/TECNOVALUE.ENGENHARIA\" \/>\n<meta property=\"article:modified_time\" content=\"2024-05-13T08:47:04+00:00\" \/>\n<meta property=\"og:image\" content=\"https:\/\/tecnovalue.pt\/wp-content\/uploads\/2023\/10\/dsc01951-scaled-1.webp\" \/>\n\t<meta property=\"og:image:width\" content=\"2560\" \/>\n\t<meta property=\"og:image:height\" content=\"1707\" \/>\n\t<meta property=\"og:image:type\" content=\"image\/webp\" \/>\n<meta name=\"twitter:card\" content=\"summary_large_image\" \/>\n<meta name=\"twitter:label1\" content=\"Gesch\u00e4tzte Lesezeit\" \/>\n\t<meta name=\"twitter:data1\" content=\"1\u00a0Minute\" \/>\n<script type=\"application\/ld+json\" class=\"yoast-schema-graph\">{\"@context\":\"https:\/\/schema.org\",\"@graph\":[{\"@type\":\"WebPage\",\"@id\":\"https:\/\/tecnovalue.pt\/a-empresa\/\",\"url\":\"https:\/\/tecnovalue.pt\/a-empresa\/\",\"name\":\"Construir Casas \u00e9 o seu Sonho? Conhe\u00e7a a Tecnovalue! - A\u00e7ores\",\"isPartOf\":{\"@id\":\"https:\/\/tecnovalue.pt\/#website\"},\"primaryImageOfPage\":{\"@id\":\"https:\/\/tecnovalue.pt\/a-empresa\/#primaryimage\"},\"image\":{\"@id\":\"https:\/\/tecnovalue.pt\/a-empresa\/#primaryimage\"},\"thumbnailUrl\":\"https:\/\/tecnovalue.pt\/wp-content\/uploads\/2023\/10\/dsc01951-scaled-1.webp\",\"datePublished\":\"2023-10-26T14:44:34+00:00\",\"dateModified\":\"2024-05-13T08:47:04+00:00\",\"description\":\"N\u00e3o perca o sonho de construir casas! Fale connosco e garanta j\u00e1 todos os seus projetos realidade com a Tecnovalue nos A\u00e7ores.\",\"breadcrumb\":{\"@id\":\"https:\/\/tecnovalue.pt\/a-empresa\/#breadcrumb\"},\"inLanguage\":\"de\",\"potentialAction\":[{\"@type\":\"ReadAction\",\"target\":[\"https:\/\/tecnovalue.pt\/a-empresa\/\"]}]},{\"@type\":\"ImageObject\",\"inLanguage\":\"de\",\"@id\":\"https:\/\/tecnovalue.pt\/a-empresa\/#primaryimage\",\"url\":\"https:\/\/tecnovalue.pt\/wp-content\/uploads\/2023\/10\/dsc01951-scaled-1.webp\",\"contentUrl\":\"https:\/\/tecnovalue.pt\/wp-content\/uploads\/2023\/10\/dsc01951-scaled-1.webp\",\"width\":2560,\"height\":1707},{\"@type\":\"BreadcrumbList\",\"@id\":\"https:\/\/tecnovalue.pt\/a-empresa\/#breadcrumb\",\"itemListElement\":[{\"@type\":\"ListItem\",\"position\":1,\"name\":\"In\u00edcio\",\"item\":\"https:\/\/tecnovalue.pt\/\"},{\"@type\":\"ListItem\",\"position\":2,\"name\":\"A Empresa\"}]},{\"@type\":\"WebSite\",\"@id\":\"https:\/\/tecnovalue.pt\/#website\",\"url\":\"https:\/\/tecnovalue.pt\/\",\"name\":\"Tecnovalue\",\"description\":\"Tecnovalue\",\"publisher\":{\"@id\":\"https:\/\/tecnovalue.pt\/#organization\"},\"potentialAction\":[{\"@type\":\"SearchAction\",\"target\":{\"@type\":\"EntryPoint\",\"urlTemplate\":\"https:\/\/tecnovalue.pt\/?s={search_term_string}\"},\"query-input\":\"required name=search_term_string\"}],\"inLanguage\":\"de\"},{\"@type\":\"Organization\",\"@id\":\"https:\/\/tecnovalue.pt\/#organization\",\"name\":\"Tecnovalue\",\"url\":\"https:\/\/tecnovalue.pt\/\",\"logo\":{\"@type\":\"ImageObject\",\"inLanguage\":\"de\",\"@id\":\"https:\/\/tecnovalue.pt\/#\/schema\/logo\/image\/\",\"url\":\"https:\/\/tecnovalue.pt\/wp-content\/uploads\/2023\/10\/tecnovalue.png\",\"contentUrl\":\"https:\/\/tecnovalue.pt\/wp-content\/uploads\/2023\/10\/tecnovalue.png\",\"width\":1280,\"height\":800,\"caption\":\"Tecnovalue\"},\"image\":{\"@id\":\"https:\/\/tecnovalue.pt\/#\/schema\/logo\/image\/\"},\"sameAs\":[\"https:\/\/www.facebook.com\/TECNOVALUE.ENGENHARIA\",\"https:\/\/www.instagram.com\/tecnovalue\/\",\"https:\/\/www.youtube.com\/channel\/UCynDihQgtLFyW44l1lYKgtQ\"]}]}<\/script>\n<!-- \/ Yoast SEO plugin. -->","yoast_head_json":{"title":"Construir Casas \u00e9 o seu Sonho? Conhe\u00e7a a Tecnovalue! - A\u00e7ores","description":"N\u00e3o perca o sonho de construir casas! Fale connosco e garanta j\u00e1 todos os seus projetos realidade com a Tecnovalue nos A\u00e7ores.","robots":{"index":"index","follow":"follow","max-snippet":"max-snippet:-1","max-image-preview":"max-image-preview:large","max-video-preview":"max-video-preview:-1"},"canonical":"https:\/\/tecnovalue.pt\/de\/a-empresa\/","og_locale":"de_DE","og_type":"article","og_title":"Construir Casas \u00e9 o seu Sonho? Conhe\u00e7a a Tecnovalue! - A\u00e7ores","og_description":"N\u00e3o perca o sonho de construir casas! Fale connosco e garanta j\u00e1 todos os seus projetos realidade com a Tecnovalue nos A\u00e7ores.","og_url":"https:\/\/tecnovalue.pt\/de\/a-empresa\/","og_site_name":"Tecnovalue","article_publisher":"https:\/\/www.facebook.com\/TECNOVALUE.ENGENHARIA","article_modified_time":"2024-05-13T08:47:04+00:00","og_image":[{"width":2560,"height":1707,"url":"https:\/\/tecnovalue.pt\/wp-content\/uploads\/2023\/10\/dsc01951-scaled-1.webp","type":"image\/webp"}],"twitter_card":"summary_large_image","twitter_misc":{"Gesch\u00e4tzte Lesezeit":"1\u00a0Minute"},"schema":{"@context":"https:\/\/schema.org","@graph":[{"@type":"WebPage","@id":"https:\/\/tecnovalue.pt\/a-empresa\/","url":"https:\/\/tecnovalue.pt\/a-empresa\/","name":"Construir Casas \u00e9 o seu Sonho? Conhe\u00e7a a Tecnovalue! - A\u00e7ores","isPartOf":{"@id":"https:\/\/tecnovalue.pt\/#website"},"primaryImageOfPage":{"@id":"https:\/\/tecnovalue.pt\/a-empresa\/#primaryimage"},"image":{"@id":"https:\/\/tecnovalue.pt\/a-empresa\/#primaryimage"},"thumbnailUrl":"https:\/\/tecnovalue.pt\/wp-content\/uploads\/2023\/10\/dsc01951-scaled-1.webp","datePublished":"2023-10-26T14:44:34+00:00","dateModified":"2024-05-13T08:47:04+00:00","description":"N\u00e3o perca o sonho de construir casas! Fale connosco e garanta j\u00e1 todos os seus projetos realidade com a Tecnovalue nos A\u00e7ores.","breadcrumb":{"@id":"https:\/\/tecnovalue.pt\/a-empresa\/#breadcrumb"},"inLanguage":"de","potentialAction":[{"@type":"ReadAction","target":["https:\/\/tecnovalue.pt\/a-empresa\/"]}]},{"@type":"ImageObject","inLanguage":"de","@id":"https:\/\/tecnovalue.pt\/a-empresa\/#primaryimage","url":"https:\/\/tecnovalue.pt\/wp-content\/uploads\/2023\/10\/dsc01951-scaled-1.webp","contentUrl":"https:\/\/tecnovalue.pt\/wp-content\/uploads\/2023\/10\/dsc01951-scaled-1.webp","width":2560,"height":1707},{"@type":"BreadcrumbList","@id":"https:\/\/tecnovalue.pt\/a-empresa\/#breadcrumb","itemListElement":[{"@type":"ListItem","position":1,"name":"In\u00edcio","item":"https:\/\/tecnovalue.pt\/"},{"@type":"ListItem","position":2,"name":"A Empresa"}]},{"@type":"WebSite","@id":"https:\/\/tecnovalue.pt\/#website","url":"https:\/\/tecnovalue.pt\/","name":"Tecnovalue","description":"Tecnovalue","publisher":{"@id":"https:\/\/tecnovalue.pt\/#organization"},"potentialAction":[{"@type":"SearchAction","target":{"@type":"EntryPoint","urlTemplate":"https:\/\/tecnovalue.pt\/?s={search_term_string}"},"query-input":"required name=search_term_string"}],"inLanguage":"de"},{"@type":"Organization","@id":"https:\/\/tecnovalue.pt\/#organization","name":"Tecnovalue","url":"https:\/\/tecnovalue.pt\/","logo":{"@type":"ImageObject","inLanguage":"de","@id":"https:\/\/tecnovalue.pt\/#\/schema\/logo\/image\/","url":"https:\/\/tecnovalue.pt\/wp-content\/uploads\/2023\/10\/tecnovalue.png","contentUrl":"https:\/\/tecnovalue.pt\/wp-content\/uploads\/2023\/10\/tecnovalue.png","width":1280,"height":800,"caption":"Tecnovalue"},"image":{"@id":"https:\/\/tecnovalue.pt\/#\/schema\/logo\/image\/"},"sameAs":["https:\/\/www.facebook.com\/TECNOVALUE.ENGENHARIA","https:\/\/www.instagram.com\/tecnovalue\/","https:\/\/www.youtube.com\/channel\/UCynDihQgtLFyW44l1lYKgtQ"]}]}},"_links":{"self":[{"href":"https:\/\/tecnovalue.pt\/de\/wp-json\/wp\/v2\/pages\/34","targetHints":{"allow":["GET"]}}],"collection":[{"href":"https:\/\/tecnovalue.pt\/de\/wp-json\/wp\/v2\/pages"}],"about":[{"href":"https:\/\/tecnovalue.pt\/de\/wp-json\/wp\/v2\/types\/page"}],"author":[{"embeddable":true,"href":"https:\/\/tecnovalue.pt\/de\/wp-json\/wp\/v2\/users\/1"}],"replies":[{"embeddable":true,"href":"https:\/\/tecnovalue.pt\/de\/wp-json\/wp\/v2\/comments?post=34"}],"version-history":[{"count":7,"href":"https:\/\/tecnovalue.pt\/de\/wp-json\/wp\/v2\/pages\/34\/revisions"}],"predecessor-version":[{"id":296,"href":"https:\/\/tecnovalue.pt\/de\/wp-json\/wp\/v2\/pages\/34\/revisions\/296"}],"wp:featuredmedia":[{"embeddable":true,"href":"https:\/\/tecnovalue.pt\/de\/wp-json\/wp\/v2\/media\/62"}],"wp:attachment":[{"href":"https:\/\/tecnovalue.pt\/de\/wp-json\/wp\/v2\/media?parent=34"}],"curies":[{"name":"wp","href":"https:\/\/api.w.org\/{rel}","templated":true}]}}