{"id":2,"date":"2023-10-26T10:46:20","date_gmt":"2023-10-26T10:46:20","guid":{"rendered":"https:\/\/tecnovalue.pt\/?page_id=2"},"modified":"2024-05-13T08:34:56","modified_gmt":"2024-05-13T08:34:56","slug":"home","status":"publish","type":"page","link":"https:\/\/tecnovalue.pt\/fr\/","title":{"rendered":"Home"},"content":{"rendered":"<section class=\"elementor-section elementor-inner-section elementor-element elementor-element-abdeedc elementor-section-full_width elementor-section-height-default elementor-section-height-default\" data-id=\"abdeedc\" data-element_type=\"section\">\r\n<div class=\"elementor-container elementor-column-gap-default\">\r\n<div class=\"elementor-column elementor-col-50 elementor-inner-column elementor-element elementor-element-88b4045\" data-id=\"88b4045\" data-element_type=\"column\">\r\n<div class=\"elementor-widget-wrap elementor-element-populated\">\r\n<div class=\"elementor-element elementor-element-897a9f2 elementor-widget elementor-widget-text-editor\" data-id=\"897a9f2\" data-element_type=\"widget\" data-widget_type=\"text-editor.default\">\r\n<h2 class=\"elementor-widget-container\">Tecnovalue \u2013 Empresa de Engenharia Civil<\/h2>\r\n<\/div>\r\n<\/div>\r\n<\/div>\r\n<\/div>\r\n<\/section>\r\n<div class=\"elementor-element elementor-element-bebdf62 elementor-widget elementor-widget-text-editor\" data-id=\"bebdf62\" data-element_type=\"widget\" data-widget_type=\"text-editor.default\">\r\n<div class=\"elementor-widget-container\">\r\n<p>La soci\u00e9t\u00e9 a \u00e9t\u00e9 fond\u00e9e en 2015 dans le but de devenir le meilleur partenaire pour le d\u00e9veloppement et l'op\u00e9rationnalisation de votre projet immobilier dans l'archipel des A\u00e7ores. Pour ce faire, nous travaillons de mani\u00e8re continue et coordonn\u00e9e afin de mener \u00e0 bien toutes les phases de votre projet, depuis l'\u00e9valuation de la propri\u00e9t\u00e9 et l'analyse de votre investissement, jusqu'\u00e0 la remise des cl\u00e9s du produit final, avec la plus grande rigueur et le plus grand professionnalisme possible.<\/p>\r\n<\/div>\r\n<\/div>","protected":false},"excerpt":{"rendered":"<p>Tecnovalue \u2013 Empresa de Engenharia Civil A empresa surgiu em 2015 com o objetivo de se tornar o melhor parceiro para o desenvolvimento e operacionaliza\u00e7\u00e3o do seu projeto imobili\u00e1rio no arquip\u00e9lago dos A\u00e7ores. Para isso, trabalhamos de forma cont\u00ednua e coordenada para que possamos executar todas as fases do seu projeto, desde avalia\u00e7\u00e3o imobili\u00e1ria e [&hellip;]<\/p>","protected":false},"author":1,"featured_media":0,"parent":0,"menu_order":0,"comment_status":"open","ping_status":"closed","template":"","meta":{"_acf_changed":false,"footnotes":""},"class_list":["post-2","page","type-page","status-publish","hentry"],"acf":[],"yoast_head":"<!-- This site is optimized with the Yoast SEO plugin v22.7 - https:\/\/yoast.com\/wordpress\/plugins\/seo\/ -->\n<title>Tecnovalue | Empresa de Engenharia Civil nos A\u00e7ores<\/title>\n<meta name=\"description\" content=\"A Tecnovalue surgiu em 2015 com o objetivo de se tornar o melhor parceiro para o desenvolvimento do seu projeto imobili\u00e1rio nos A\u00e7ores.\" \/>\n<meta name=\"robots\" content=\"index, follow, max-snippet:-1, max-image-preview:large, max-video-preview:-1\" \/>\n<link rel=\"canonical\" href=\"https:\/\/tecnovalue.pt\/fr\/\" \/>\n<meta property=\"og:locale\" content=\"fr_FR\" \/>\n<meta property=\"og:type\" content=\"article\" \/>\n<meta property=\"og:title\" content=\"Tecnovalue | Empresa de Engenharia Civil nos A\u00e7ores\" \/>\n<meta property=\"og:description\" content=\"A Tecnovalue surgiu em 2015 com o objetivo de se tornar o melhor parceiro para o desenvolvimento do seu projeto imobili\u00e1rio nos A\u00e7ores.\" \/>\n<meta property=\"og:url\" content=\"https:\/\/tecnovalue.pt\/fr\/\" \/>\n<meta property=\"og:site_name\" content=\"Tecnovalue\" \/>\n<meta property=\"article:publisher\" content=\"https:\/\/www.facebook.com\/TECNOVALUE.ENGENHARIA\" \/>\n<meta property=\"article:modified_time\" content=\"2024-05-13T08:34:56+00:00\" \/>\n<meta property=\"og:image\" content=\"https:\/\/tecnovalue.pt\/wp-content\/uploads\/2023\/10\/tecnovalue.png\" \/>\n\t<meta property=\"og:image:width\" content=\"1280\" \/>\n\t<meta property=\"og:image:height\" content=\"800\" \/>\n\t<meta property=\"og:image:type\" content=\"image\/png\" \/>\n<meta name=\"twitter:card\" content=\"summary_large_image\" \/>\n<meta name=\"twitter:label1\" content=\"Dur\u00e9e de lecture estim\u00e9e\" \/>\n\t<meta name=\"twitter:data1\" content=\"1 minute\" \/>\n<script type=\"application\/ld+json\" class=\"yoast-schema-graph\">{\"@context\":\"https:\/\/schema.org\",\"@graph\":[{\"@type\":\"WebPage\",\"@id\":\"https:\/\/tecnovalue.pt\/\",\"url\":\"https:\/\/tecnovalue.pt\/\",\"name\":\"Tecnovalue | Empresa de Engenharia Civil nos A\u00e7ores\",\"isPartOf\":{\"@id\":\"https:\/\/tecnovalue.pt\/#website\"},\"datePublished\":\"2023-10-26T10:46:20+00:00\",\"dateModified\":\"2024-05-13T08:34:56+00:00\",\"description\":\"A Tecnovalue surgiu em 2015 com o objetivo de se tornar o melhor parceiro para o desenvolvimento do seu projeto imobili\u00e1rio nos A\u00e7ores.\",\"breadcrumb\":{\"@id\":\"https:\/\/tecnovalue.pt\/#breadcrumb\"},\"inLanguage\":\"fr-FR\",\"potentialAction\":[{\"@type\":\"ReadAction\",\"target\":[\"https:\/\/tecnovalue.pt\/\"]}]},{\"@type\":\"BreadcrumbList\",\"@id\":\"https:\/\/tecnovalue.pt\/#breadcrumb\",\"itemListElement\":[{\"@type\":\"ListItem\",\"position\":1,\"name\":\"In\u00edcio\",\"item\":\"https:\/\/tecnovalue.pt\/\"},{\"@type\":\"ListItem\",\"position\":2,\"name\":\"Home\"}]},{\"@type\":\"WebSite\",\"@id\":\"https:\/\/tecnovalue.pt\/#website\",\"url\":\"https:\/\/tecnovalue.pt\/\",\"name\":\"Tecnovalue\",\"description\":\"Tecnovalue\",\"publisher\":{\"@id\":\"https:\/\/tecnovalue.pt\/#organization\"},\"potentialAction\":[{\"@type\":\"SearchAction\",\"target\":{\"@type\":\"EntryPoint\",\"urlTemplate\":\"https:\/\/tecnovalue.pt\/?s={search_term_string}\"},\"query-input\":\"required name=search_term_string\"}],\"inLanguage\":\"fr-FR\"},{\"@type\":\"Organization\",\"@id\":\"https:\/\/tecnovalue.pt\/#organization\",\"name\":\"Tecnovalue\",\"url\":\"https:\/\/tecnovalue.pt\/\",\"logo\":{\"@type\":\"ImageObject\",\"inLanguage\":\"fr-FR\",\"@id\":\"https:\/\/tecnovalue.pt\/#\/schema\/logo\/image\/\",\"url\":\"https:\/\/tecnovalue.pt\/wp-content\/uploads\/2023\/10\/tecnovalue.png\",\"contentUrl\":\"https:\/\/tecnovalue.pt\/wp-content\/uploads\/2023\/10\/tecnovalue.png\",\"width\":1280,\"height\":800,\"caption\":\"Tecnovalue\"},\"image\":{\"@id\":\"https:\/\/tecnovalue.pt\/#\/schema\/logo\/image\/\"},\"sameAs\":[\"https:\/\/www.facebook.com\/TECNOVALUE.ENGENHARIA\",\"https:\/\/www.instagram.com\/tecnovalue\/\",\"https:\/\/www.youtube.com\/channel\/UCynDihQgtLFyW44l1lYKgtQ\"]}]}<\/script>\n<!-- \/ Yoast SEO plugin. -->","yoast_head_json":{"title":"Tecnovalue | Empresa de Engenharia Civil nos A\u00e7ores","description":"A Tecnovalue surgiu em 2015 com o objetivo de se tornar o melhor parceiro para o desenvolvimento do seu projeto imobili\u00e1rio nos A\u00e7ores.","robots":{"index":"index","follow":"follow","max-snippet":"max-snippet:-1","max-image-preview":"max-image-preview:large","max-video-preview":"max-video-preview:-1"},"canonical":"https:\/\/tecnovalue.pt\/fr\/","og_locale":"fr_FR","og_type":"article","og_title":"Tecnovalue | Empresa de Engenharia Civil nos A\u00e7ores","og_description":"A Tecnovalue surgiu em 2015 com o objetivo de se tornar o melhor parceiro para o desenvolvimento do seu projeto imobili\u00e1rio nos A\u00e7ores.","og_url":"https:\/\/tecnovalue.pt\/fr\/","og_site_name":"Tecnovalue","article_publisher":"https:\/\/www.facebook.com\/TECNOVALUE.ENGENHARIA","article_modified_time":"2024-05-13T08:34:56+00:00","og_image":[{"width":1280,"height":800,"url":"https:\/\/tecnovalue.pt\/wp-content\/uploads\/2023\/10\/tecnovalue.png","type":"image\/png"}],"twitter_card":"summary_large_image","twitter_misc":{"Dur\u00e9e de lecture estim\u00e9e":"1 minute"},"schema":{"@context":"https:\/\/schema.org","@graph":[{"@type":"WebPage","@id":"https:\/\/tecnovalue.pt\/","url":"https:\/\/tecnovalue.pt\/","name":"Tecnovalue | Empresa de Engenharia Civil nos A\u00e7ores","isPartOf":{"@id":"https:\/\/tecnovalue.pt\/#website"},"datePublished":"2023-10-26T10:46:20+00:00","dateModified":"2024-05-13T08:34:56+00:00","description":"A Tecnovalue surgiu em 2015 com o objetivo de se tornar o melhor parceiro para o desenvolvimento do seu projeto imobili\u00e1rio nos A\u00e7ores.","breadcrumb":{"@id":"https:\/\/tecnovalue.pt\/#breadcrumb"},"inLanguage":"fr-FR","potentialAction":[{"@type":"ReadAction","target":["https:\/\/tecnovalue.pt\/"]}]},{"@type":"BreadcrumbList","@id":"https:\/\/tecnovalue.pt\/#breadcrumb","itemListElement":[{"@type":"ListItem","position":1,"name":"In\u00edcio","item":"https:\/\/tecnovalue.pt\/"},{"@type":"ListItem","position":2,"name":"Home"}]},{"@type":"WebSite","@id":"https:\/\/tecnovalue.pt\/#website","url":"https:\/\/tecnovalue.pt\/","name":"Tecnovalue","description":"Tecnovalue","publisher":{"@id":"https:\/\/tecnovalue.pt\/#organization"},"potentialAction":[{"@type":"SearchAction","target":{"@type":"EntryPoint","urlTemplate":"https:\/\/tecnovalue.pt\/?s={search_term_string}"},"query-input":"required name=search_term_string"}],"inLanguage":"fr-FR"},{"@type":"Organization","@id":"https:\/\/tecnovalue.pt\/#organization","name":"Tecnovalue","url":"https:\/\/tecnovalue.pt\/","logo":{"@type":"ImageObject","inLanguage":"fr-FR","@id":"https:\/\/tecnovalue.pt\/#\/schema\/logo\/image\/","url":"https:\/\/tecnovalue.pt\/wp-content\/uploads\/2023\/10\/tecnovalue.png","contentUrl":"https:\/\/tecnovalue.pt\/wp-content\/uploads\/2023\/10\/tecnovalue.png","width":1280,"height":800,"caption":"Tecnovalue"},"image":{"@id":"https:\/\/tecnovalue.pt\/#\/schema\/logo\/image\/"},"sameAs":["https:\/\/www.facebook.com\/TECNOVALUE.ENGENHARIA","https:\/\/www.instagram.com\/tecnovalue\/","https:\/\/www.youtube.com\/channel\/UCynDihQgtLFyW44l1lYKgtQ"]}]}},"_links":{"self":[{"href":"https:\/\/tecnovalue.pt\/fr\/wp-json\/wp\/v2\/pages\/2","targetHints":{"allow":["GET"]}}],"collection":[{"href":"https:\/\/tecnovalue.pt\/fr\/wp-json\/wp\/v2\/pages"}],"about":[{"href":"https:\/\/tecnovalue.pt\/fr\/wp-json\/wp\/v2\/types\/page"}],"author":[{"embeddable":true,"href":"https:\/\/tecnovalue.pt\/fr\/wp-json\/wp\/v2\/users\/1"}],"replies":[{"embeddable":true,"href":"https:\/\/tecnovalue.pt\/fr\/wp-json\/wp\/v2\/comments?post=2"}],"version-history":[{"count":6,"href":"https:\/\/tecnovalue.pt\/fr\/wp-json\/wp\/v2\/pages\/2\/revisions"}],"predecessor-version":[{"id":228,"href":"https:\/\/tecnovalue.pt\/fr\/wp-json\/wp\/v2\/pages\/2\/revisions\/228"}],"wp:attachment":[{"href":"https:\/\/tecnovalue.pt\/fr\/wp-json\/wp\/v2\/media?parent=2"}],"curies":[{"name":"wp","href":"https:\/\/api.w.org\/{rel}","templated":true}]}}